{"id":21,"date":"2018-12-13T11:57:21","date_gmt":"2018-12-13T11:57:21","guid":{"rendered":"http:\/\/www.vandunne.com\/?page_id=21"},"modified":"2018-12-13T13:46:55","modified_gmt":"2018-12-13T13:46:55","slug":"hoe-u-ons-kunt-bereiken","status":"publish","type":"page","link":"https:\/\/www.vandunne.com\/?page_id=21","title":{"rendered":"Hoe u ons kunt bereiken:"},"content":{"rendered":"\n<p>Mario Genot: genot@transit-impuls.nl,&nbsp;<\/p>\n\n\n\n<p><a href=\"https:\/\/www.linkedin.com\/in\/mario-genot-73b7123\">https:\/\/www.linkedin.com\/in\/mario-genot-73b7123<\/a><\/p>\n\n\n\n<p>Bruno van Dunn\u00e9: <\/p>\n\n\n\n<p>dunne@transit-impuls.nl,<\/p>\n\n\n\n<p><\/p>\n\n\n\n<p><a href=\"https:\/\/nl.linkedin.com\/in\/brunovandunne?trk=profile-badge\">Bruno van Dunn\u00e9<\/a><\/p>\n\n\n\n<p><a href=\"https:\/\/nl.linkedin.com\/in\/brunovandunne?trk=profile-badge\">Bruno van Dunn\u00e9<\/a><\/p>\n","protected":false},"excerpt":{"rendered":"<p>Mario Genot: genot@transit-impuls.nl,&nbsp; https:\/\/www.linkedin.com\/in\/mario-genot-73b7123 Bruno van Dunn\u00e9: dunne@transit-impuls.nl, Bruno van Dunn\u00e9 Bruno van Dunn\u00e9<\/p>\n","protected":false},"author":3504,"featured_media":0,"parent":0,"menu_order":0,"comment_status":"closed","ping_status":"closed","template":"","meta":{"footnotes":""},"class_list":["post-21","page","type-page","status-publish","hentry"],"_links":{"self":[{"href":"https:\/\/www.vandunne.com\/index.php?rest_route=\/wp\/v2\/pages\/21","targetHints":{"allow":["GET"]}}],"collection":[{"href":"https:\/\/www.vandunne.com\/index.php?rest_route=\/wp\/v2\/pages"}],"about":[{"href":"https:\/\/www.vandunne.com\/index.php?rest_route=\/wp\/v2\/types\/page"}],"author":[{"embeddable":true,"href":"https:\/\/www.vandunne.com\/index.php?rest_route=\/wp\/v2\/users\/3504"}],"replies":[{"embeddable":true,"href":"https:\/\/www.vandunne.com\/index.php?rest_route=%2Fwp%2Fv2%2Fcomments&post=21"}],"version-history":[{"count":9,"href":"https:\/\/www.vandunne.com\/index.php?rest_route=\/wp\/v2\/pages\/21\/revisions"}],"predecessor-version":[{"id":32,"href":"https:\/\/www.vandunne.com\/index.php?rest_route=\/wp\/v2\/pages\/21\/revisions\/32"}],"wp:attachment":[{"href":"https:\/\/www.vandunne.com\/index.php?rest_route=%2Fwp%2Fv2%2Fmedia&parent=21"}],"curies":[{"name":"wp","href":"https:\/\/api.w.org\/{rel}","templated":true}]}}